{"id":287,"date":"2017-09-20T18:35:11","date_gmt":"2017-09-20T20:35:11","guid":{"rendered":"http:\/\/www.lumpicko.lt\/?page_id=287\/"},"modified":"2017-09-20T19:19:45","modified_gmt":"2017-09-20T21:19:45","slug":"ueber-uns","status":"publish","type":"page","link":"https:\/\/www.lumpicko.lt\/de\/ueber-uns\/","title":{"rendered":"\u00dcber uns"},"content":{"rendered":"<p><strong>R.-Lumpickas-Unternehmen \u201eLTF\u201c<\/strong>\u00a0hat seine T\u00e4tigkeit 1992 begonnen und erbringt Dienstleistungen in den Bereichen Frachtbef\u00f6rderung, Spedition und Reparatur von Nutzfahrzeugen. Die Hauptrichtung der T\u00e4tigkeit des Unternehmens ist die Bef\u00f6rderung von Voll- und Teilladungen auf den Strecken zwischen Baltikum, Skandinavien und Westeuropa.<\/p>\n<p>Dank einem zuverl\u00e4ssigen Partnerkreis und einer langfristigen Erfahrung im Transportwesen und in der Logistik k\u00f6nnen wir flexibel auf Marktbed\u00fcrfnisse und Kundenw\u00fcnsche reagieren.<\/p>\n<p>F\u00fcr die Einstellung der Fahrgestellgeometrie verwenden wird den Pr\u00fcfstand \u201e<strong>JOSAM<\/strong>\u201c und die Rahmenrichtanlage \u201e<strong>JOSAM<\/strong>\u201c. F\u00fcr die Einstellung der Radgeometrie wird eine computergesteuerte Anlage \u201e<strong>JOSAM<\/strong>\u201c verwendet.<\/p>\n","protected":false},"excerpt":{"rendered":"<p>R.-Lumpickas-Unternehmen \u201eLTF\u201c\u00a0hat seine T\u00e4tigkeit 1992 begonnen und erbringt Dienstleistungen in den Bereichen Frachtbef\u00f6rderung, Spedition und Reparatur von Nutzfahrzeugen. Die Hauptrichtung der T\u00e4tigkeit des Unternehmens ist die Bef\u00f6rderung von Voll- und Teilladungen auf den Strecken zwischen Baltikum, Skandinavien und Westeuropa. Dank einem zuverl\u00e4ssigen Partnerkreis und einer langfristigen Erfahrung im Transportwesen und in der Logistik k\u00f6nnen wir [&hellip;]<\/p>\n","protected":false},"author":1,"featured_media":273,"parent":0,"menu_order":0,"comment_status":"closed","ping_status":"closed","template":"about.php","meta":{"footnotes":""},"_links":{"self":[{"href":"https:\/\/www.lumpicko.lt\/de\/wp-json\/wp\/v2\/pages\/287"}],"collection":[{"href":"https:\/\/www.lumpicko.lt\/de\/wp-json\/wp\/v2\/pages"}],"about":[{"href":"https:\/\/www.lumpicko.lt\/de\/wp-json\/wp\/v2\/types\/page"}],"author":[{"embeddable":true,"href":"https:\/\/www.lumpicko.lt\/de\/wp-json\/wp\/v2\/users\/1"}],"replies":[{"embeddable":true,"href":"https:\/\/www.lumpicko.lt\/de\/wp-json\/wp\/v2\/comments?post=287"}],"version-history":[{"count":1,"href":"https:\/\/www.lumpicko.lt\/de\/wp-json\/wp\/v2\/pages\/287\/revisions"}],"predecessor-version":[{"id":288,"href":"https:\/\/www.lumpicko.lt\/de\/wp-json\/wp\/v2\/pages\/287\/revisions\/288"}],"wp:featuredmedia":[{"embeddable":true,"href":"https:\/\/www.lumpicko.lt\/de\/wp-json\/wp\/v2\/media\/273"}],"wp:attachment":[{"href":"https:\/\/www.lumpicko.lt\/de\/wp-json\/wp\/v2\/media?parent=287"}],"curies":[{"name":"wp","href":"https:\/\/api.w.org\/{rel}","templated":true}]}}