{"id":336,"date":"2017-09-20T19:07:17","date_gmt":"2017-09-20T21:07:17","guid":{"rendered":"http:\/\/www.lumpicko.lt\/?page_id=336\/"},"modified":"2017-09-20T19:54:28","modified_gmt":"2017-09-20T21:54:28","slug":"logistikdienstleistungen","status":"publish","type":"page","link":"https:\/\/www.lumpicko.lt\/de\/logistikdienstleistungen\/","title":{"rendered":"Logistikdienstleistungen"},"content":{"rendered":"<p>Wir bef\u00f6rdern Frachten auf Strecken zwischen den westeurop\u00e4ischen L\u00e4ndern: aus Deutschland, Tschechei, Holland, Belgien nach Italien, Spanien, Portugal, Frankreich und zur\u00fcck. Au\u00dferdem bef\u00f6rdern wir nach Skandinavien, und zwar, Norwegen, D\u00e4nemark, Schweden und zur\u00fcck.<\/p>\n<ol>\n<li>Frachtbef\u00f6rderung nach Westeuropa<\/li>\n<li>Frachtbef\u00f6rderung nach Skandinavien<\/li>\n<\/ol>\n<p>&nbsp;<\/p>\n<p>&nbsp;<\/p>\n","protected":false},"excerpt":{"rendered":"<p>Wir bef\u00f6rdern Frachten auf Strecken zwischen den westeurop\u00e4ischen L\u00e4ndern: aus Deutschland, Tschechei, Holland, Belgien nach Italien, Spanien, Portugal, Frankreich und zur\u00fcck. Au\u00dferdem bef\u00f6rdern wir nach Skandinavien, und zwar, Norwegen, D\u00e4nemark, Schweden und zur\u00fcck. Frachtbef\u00f6rderung nach Westeuropa Frachtbef\u00f6rderung nach Skandinavien &nbsp; &nbsp;<\/p>\n","protected":false},"author":1,"featured_media":0,"parent":0,"menu_order":0,"comment_status":"closed","ping_status":"closed","template":"logistics.php","meta":{"footnotes":""},"_links":{"self":[{"href":"https:\/\/www.lumpicko.lt\/de\/wp-json\/wp\/v2\/pages\/336"}],"collection":[{"href":"https:\/\/www.lumpicko.lt\/de\/wp-json\/wp\/v2\/pages"}],"about":[{"href":"https:\/\/www.lumpicko.lt\/de\/wp-json\/wp\/v2\/types\/page"}],"author":[{"embeddable":true,"href":"https:\/\/www.lumpicko.lt\/de\/wp-json\/wp\/v2\/users\/1"}],"replies":[{"embeddable":true,"href":"https:\/\/www.lumpicko.lt\/de\/wp-json\/wp\/v2\/comments?post=336"}],"version-history":[{"count":3,"href":"https:\/\/www.lumpicko.lt\/de\/wp-json\/wp\/v2\/pages\/336\/revisions"}],"predecessor-version":[{"id":392,"href":"https:\/\/www.lumpicko.lt\/de\/wp-json\/wp\/v2\/pages\/336\/revisions\/392"}],"wp:attachment":[{"href":"https:\/\/www.lumpicko.lt\/de\/wp-json\/wp\/v2\/media?parent=336"}],"curies":[{"name":"wp","href":"https:\/\/api.w.org\/{rel}","templated":true}]}}